{"id":119,"date":"2023-03-29T07:23:12","date_gmt":"2023-03-29T07:23:12","guid":{"rendered":"https:\/\/wp1.themevibrant.com\/newwp\/buildnox2\/?page_id=119"},"modified":"2024-12-05T14:48:31","modified_gmt":"2024-12-05T17:48:31","slug":"sobre","status":"publish","type":"page","link":"https:\/\/yallasolutions.pt\/es\/sobre\/","title":{"rendered":"Sobre nosotros"},"content":{"rendered":"<div data-elementor-type=\"wp-page\" data-elementor-id=\"119\" class=\"elementor elementor-119\" data-elementor-post-type=\"page\">\n\t\t\t\t\t\t<section class=\"elementor-section elementor-top-section elementor-element elementor-element-44fadc2 elementor-section-full_width elementor-section-height-default elementor-section-height-default\" data-id=\"44fadc2\" data-element_type=\"section\" data-settings=\"{&quot;background_background&quot;:&quot;classic&quot;}\">\n\t\t\t\t\t\t<div class=\"elementor-container elementor-column-gap-default\">\n\t\t\t\t\t<div class=\"elementor-column elementor-col-100 elementor-top-column elementor-element elementor-element-5f6a085\" data-id=\"5f6a085\" data-element_type=\"column\">\n\t\t\t<div class=\"elementor-widget-wrap elementor-element-populated\">\n\t\t\t\t\t\t<section class=\"elementor-section elementor-inner-section elementor-element elementor-element-e6b53ff elementor-section-boxed elementor-section-height-default elementor-section-height-default\" data-id=\"e6b53ff\" data-element_type=\"section\">\n\t\t\t\t\t\t<div class=\"elementor-container elementor-column-gap-default\">\n\t\t\t\t\t<div class=\"elementor-column elementor-col-50 elementor-inner-column elementor-element elementor-element-1dd5374\" data-id=\"1dd5374\" data-element_type=\"column\">\n\t\t\t<div class=\"elementor-widget-wrap elementor-element-populated\">\n\t\t\t\t\t\t<div class=\"elementor-element elementor-element-9f5968c elementor-widget elementor-widget-buildnox_float_image\" data-id=\"9f5968c\" data-element_type=\"widget\" data-settings=\"{&quot;buildnox_layout_margin&quot;:{&quot;unit&quot;:&quot;px&quot;,&quot;top&quot;:&quot;&quot;,&quot;right&quot;:&quot;&quot;,&quot;bottom&quot;:&quot;&quot;,&quot;left&quot;:&quot;&quot;,&quot;isLinked&quot;:true},&quot;buildnox_layout_margin_tablet&quot;:{&quot;unit&quot;:&quot;px&quot;,&quot;top&quot;:&quot;&quot;,&quot;right&quot;:&quot;&quot;,&quot;bottom&quot;:&quot;&quot;,&quot;left&quot;:&quot;&quot;,&quot;isLinked&quot;:true},&quot;buildnox_layout_margin_mobile&quot;:{&quot;unit&quot;:&quot;px&quot;,&quot;top&quot;:&quot;&quot;,&quot;right&quot;:&quot;&quot;,&quot;bottom&quot;:&quot;&quot;,&quot;left&quot;:&quot;&quot;,&quot;isLinked&quot;:true},&quot;buildnox_layout_padding&quot;:{&quot;unit&quot;:&quot;px&quot;,&quot;top&quot;:&quot;&quot;,&quot;right&quot;:&quot;&quot;,&quot;bottom&quot;:&quot;&quot;,&quot;left&quot;:&quot;&quot;,&quot;isLinked&quot;:true},&quot;buildnox_layout_padding_tablet&quot;:{&quot;unit&quot;:&quot;px&quot;,&quot;top&quot;:&quot;&quot;,&quot;right&quot;:&quot;&quot;,&quot;bottom&quot;:&quot;&quot;,&quot;left&quot;:&quot;&quot;,&quot;isLinked&quot;:true},&quot;buildnox_layout_padding_mobile&quot;:{&quot;unit&quot;:&quot;px&quot;,&quot;top&quot;:&quot;&quot;,&quot;right&quot;:&quot;&quot;,&quot;bottom&quot;:&quot;&quot;,&quot;left&quot;:&quot;&quot;,&quot;isLinked&quot;:true}}\" data-widget_type=\"buildnox_float_image.default\">\n\t\t\t\t<div class=\"elementor-widget-container\">\n\t\t\t        <div class=\"p_relative build-image-section\">\n                <div class=\"image p_relative d_iblock\" data-parallax='{\"y\": -20}'>\n            <img decoding=\"async\" src=\"https:\/\/yallasolutions.pt\/wp-content\/uploads\/2023\/03\/roller.png\" alt=\"Awesome Image\">\n        <\/div>\n                        <div class=\"image p_relative b_40 text-end\" data-parallax='{\"y\": 20}'>\n            <img decoding=\"async\" src=\"https:\/\/yallasolutions.pt\/wp-content\/uploads\/2023\/04\/image-3.jpg\" alt=\"Awesome Image\">\n        <\/div>\n                        <div class=\"experience-year experience-title fs_18 fw_bold ff_sec theme-bg p_absolute l_60 b_110 text-center text-light pt_30 b_radius_50 lh_20\" data-parallax='{\"x\": 20}'><span class=\"fs_60 fw_black mb_25 d_iblock\">28<\/span><br>Anos<br>de Experi\u00eancia<\/div>\n            <\/div>\n    \n        \t\t<\/div>\n\t\t\t\t<\/div>\n\t\t\t\t\t<\/div>\n\t\t<\/div>\n\t\t\t\t<div class=\"elementor-column elementor-col-50 elementor-inner-column elementor-element elementor-element-b55a4a6\" data-id=\"b55a4a6\" data-element_type=\"column\">\n\t\t\t<div class=\"elementor-widget-wrap elementor-element-populated\">\n\t\t\t\t\t\t<div class=\"elementor-element elementor-element-8ab0554 elementor-widget elementor-widget-buildnox_hero_title\" data-id=\"8ab0554\" data-element_type=\"widget\" data-widget_type=\"buildnox_hero_title.default\">\n\t\t\t\t<div class=\"elementor-widget-container\">\n\t\t\t    \r\n        \r\n    <div class=\"build-title-wrap\">\r\n        \t\t\t\r\n\t\t        <div class=\"main____title\">\r\n\t\t\t<h2 class=\"fw_black fs_45 mb_20 te-bn-title buildnox-size-default\"> Ofrecemos calidad garantizada en su construcci\u00f3n<\/h2>        <\/div>\r\n                \r\n\t\t            \r\n\t\t<p class=\"mb_50 fs_18 te-bn-text\"><\/p>\r\n            <\/div>   \r\n    \r\n    \t\t<\/div>\n\t\t\t\t<\/div>\n\t\t\t\t<div class=\"elementor-element elementor-element-19bcc24 elementor-widget elementor-widget-text-editor\" data-id=\"19bcc24\" data-element_type=\"widget\" data-widget_type=\"text-editor.default\">\n\t\t\t\t<div class=\"elementor-widget-container\">\n\t\t\t\t\t\t\t<p class=\"translation-block\">A <strong>Yalla Solutions<\/strong> es una empresa constructora que opera consistentemente en cuatro pa\u00edses: Brasil, Portugal, Espa\u00f1a y Dubai. En cada proyecto que ejecutamos, entregamos con los m\u00e1s altos est\u00e1ndares de excelencia, asegurando durabilidad y eficiencia en todas las etapas de la obra. Utilizamos soluciones y herramientas de \u00faltima generaci\u00f3n para optimizar los procesos constructivos, aportando mayor agilidad y precisi\u00f3n. Priorizamos pr\u00e1cticas sustentables en todos nuestros proyectos, minimizando los impactos ambientales y contribuyendo a un futuro m\u00e1s verde. Contamos con profesionales altamente calificados y comprometidos con la creaci\u00f3n de valor en los proyectos y la entrega de obras que superen las expectativas de nuestros clientes.<\/p>\t\t\t\t\t\t<\/div>\n\t\t\t\t<\/div>\n\t\t\t\t<div class=\"elementor-element elementor-element-188dfe2 elementor-widget__width-initial elementor-widget-mobile__width-initial elementor-widget elementor-widget-buildnox_feature_list_widget\" data-id=\"188dfe2\" data-element_type=\"widget\" data-widget_type=\"buildnox_feature_list_widget.default\">\n\t\t\t\t<div class=\"elementor-widget-container\">\n\t\t\t    \n        \n    <ul class=\"te-bn-flist list-1 fs_20 fw_medium c_dark2 list-alignment\">\n    \t<li>\n\t\t\t\t\t\t\t\t\t\t<i class=\"flaticon-comment\"><\/i>                        \t\t\t\n\t\t\tCompromiso con la calidad\n        <\/li>\n    <\/ul>\n\t            \n    \t\t<\/div>\n\t\t\t\t<\/div>\n\t\t\t\t<div class=\"elementor-element elementor-element-6fd5aa9 elementor-widget__width-initial elementor-widget-mobile__width-initial elementor-widget elementor-widget-buildnox_feature_list_widget\" data-id=\"6fd5aa9\" data-element_type=\"widget\" data-widget_type=\"buildnox_feature_list_widget.default\">\n\t\t\t\t<div class=\"elementor-widget-container\">\n\t\t\t    \n        \n    <ul class=\"te-bn-flist list-1 fs_20 fw_medium c_dark2 list-alignment\">\n    \t<li>\n\t\t\t\t\t\t\t\t\t\t<i class=\"flaticon-comment\"><\/i>                        \t\t\t\n\t\t\tInnovaci\u00f3n tecnol\u00f3gica\n        <\/li>\n    <\/ul>\n\t            \n    \t\t<\/div>\n\t\t\t\t<\/div>\n\t\t\t\t<div class=\"elementor-element elementor-element-bd930f8 elementor-widget__width-initial elementor-widget-mobile__width-initial elementor-widget elementor-widget-buildnox_feature_list_widget\" data-id=\"bd930f8\" data-element_type=\"widget\" data-widget_type=\"buildnox_feature_list_widget.default\">\n\t\t\t\t<div class=\"elementor-widget-container\">\n\t\t\t    \n        \n    <ul class=\"te-bn-flist list-1 fs_20 fw_medium c_dark2 list-alignment\">\n    \t<li>\n\t\t\t\t\t\t\t\t\t\t<i class=\"flaticon-comment\"><\/i>                        \t\t\t\n\t\t\tEquipe especializada e &nbsp;&nbsp;&nbsp;&nbsp;&nbsp;&nbsp;&nbsp;&nbsp;&nbsp;&nbsp;experiente\n        <\/li>\n    <\/ul>\n\t            \n    \t\t<\/div>\n\t\t\t\t<\/div>\n\t\t\t\t<div class=\"elementor-element elementor-element-689214c elementor-widget__width-initial elementor-widget-mobile__width-initial elementor-widget elementor-widget-buildnox_feature_list_widget\" data-id=\"689214c\" data-element_type=\"widget\" data-widget_type=\"buildnox_feature_list_widget.default\">\n\t\t\t\t<div class=\"elementor-widget-container\">\n\t\t\t    \n        \n    <ul class=\"te-bn-flist list-1 fs_20 fw_medium c_dark2 list-alignment\">\n    \t<li>\n\t\t\t\t\t\t\t\t\t\t<i class=\"flaticon-comment\"><\/i>                        \t\t\t\n\t\t\tSostenibilidad y responsabilidad medioambiental <br>           \n &nbsp;&nbsp;&nbsp;&nbsp;&nbsp;&nbsp;&nbsp;&nbsp;&nbsp;&nbsp;<br><p>\n        <\/li>\n    <\/ul>\n\t            \n    \t\t<\/div>\n\t\t\t\t<\/div>\n\t\t\t\t\t<\/div>\n\t\t<\/div>\n\t\t\t\t\t<\/div>\n\t\t<\/section>\n\t\t\t\t\t<\/div>\n\t\t<\/div>\n\t\t\t\t\t<\/div>\n\t\t<\/section>\n\t\t\t\t<section class=\"elementor-section elementor-top-section elementor-element elementor-element-72c2ef2 elementor-section-full_width elementor-section-height-default elementor-section-height-default\" data-id=\"72c2ef2\" data-element_type=\"section\" data-settings=\"{&quot;background_background&quot;:&quot;classic&quot;}\">\n\t\t\t\t\t\t<div class=\"elementor-container elementor-column-gap-default\">\n\t\t\t\t\t<div class=\"elementor-column elementor-col-100 elementor-top-column elementor-element elementor-element-a842599\" data-id=\"a842599\" data-element_type=\"column\">\n\t\t\t<div class=\"elementor-widget-wrap elementor-element-populated\">\n\t\t\t\t\t\t<section class=\"elementor-section elementor-inner-section elementor-element elementor-element-6185518 elementor-section-boxed elementor-section-height-default elementor-section-height-default\" data-id=\"6185518\" data-element_type=\"section\">\n\t\t\t\t\t\t<div class=\"elementor-container elementor-column-gap-default\">\n\t\t\t\t\t<div class=\"elementor-column elementor-col-50 elementor-inner-column elementor-element elementor-element-15ebe16\" data-id=\"15ebe16\" data-element_type=\"column\">\n\t\t\t<div class=\"elementor-widget-wrap elementor-element-populated\">\n\t\t\t\t\t\t<div class=\"elementor-element elementor-element-75c5d10 elementor-widget elementor-widget-buildnox_hero_title\" data-id=\"75c5d10\" data-element_type=\"widget\" data-widget_type=\"buildnox_hero_title.default\">\n\t\t\t\t<div class=\"elementor-widget-container\">\n\t\t\t    \r\n        \r\n    <div class=\"build-title-wrap\">\r\n        \t\t\t\r\n\t\t        <div class=\"main____title\">\r\n\t\t\t<h2 class=\"fw_black fs_45 mb_20 te-bn-title buildnox-size-default\"> Por qu\u00e9 elegirnos?\n<\/h2>        <\/div>\r\n                \r\n\t\t            \r\n\t\t<p class=\"mb_50 fs_18 te-bn-text translation-block\">No escatimamos esfuerzos para ser una empresa constructora reconocida a nivel mundial, por eso ponemos gran \u00e9nfasis en la integridad, honestidad y buena fe, actuando siempre con transparencia y \u00e9tica en todas nuestras acciones. Tambi\u00e9n priorizamos la seguridad de nuestros empleados y seguimos estrictos est\u00e1ndares de cumplimiento para garantizar que todas nuestras operaciones cumplan con las leyes y regulaciones aplicables. Implementamos pol\u00edticas y procedimientos internos para garantizar la integridad y claridad en todas nuestras actividades. De esta manera, Yalla destaca en el sector de la construcci\u00f3n como una empresa din\u00e1mica, aportando excelencia en todos los proyectos y contribuyendo a un futuro m\u00e1s sostenible.<\/p>\r\n            <\/div>   \r\n    \r\n    \t\t<\/div>\n\t\t\t\t<\/div>\n\t\t\t\t<div class=\"elementor-element elementor-element-d72bf7d elementor-widget elementor-widget-buildnox_feature_list_widget\" data-id=\"d72bf7d\" data-element_type=\"widget\" data-widget_type=\"buildnox_feature_list_widget.default\">\n\t\t\t\t<div class=\"elementor-widget-container\">\n\t\t\t    \n        \n    <ul class=\"te-bn-flist list-1 fs_20 fw_medium c_dark2 list-alignment\">\n    \t<li>\n\t\t\t\t\t\t\t\t\t\t<i class=\"flaticon-comment\"><\/i>                        \t\t\t\n\t\t\tCartera diversificada         <\/li>\n    <\/ul>\n\t            \n    \t\t<\/div>\n\t\t\t\t<\/div>\n\t\t\t\t<div class=\"elementor-element elementor-element-52ab7ae elementor-widget elementor-widget-buildnox_feature_list_widget\" data-id=\"52ab7ae\" data-element_type=\"widget\" data-widget_type=\"buildnox_feature_list_widget.default\">\n\t\t\t\t<div class=\"elementor-widget-container\">\n\t\t\t    \n        \n    <ul class=\"te-bn-flist list-1 fs_20 fw_medium c_dark2 list-alignment\">\n    \t<li>\n\t\t\t\t\t\t\t\t\t\t<i class=\"flaticon-comment\"><\/i>                        \t\t\t\n\t\t\tServicio personalizado         <\/li>\n    <\/ul>\n\t            \n    \t\t<\/div>\n\t\t\t\t<\/div>\n\t\t\t\t<div class=\"elementor-element elementor-element-2ac2c9f elementor-widget elementor-widget-buildnox_feature_list_widget\" data-id=\"2ac2c9f\" data-element_type=\"widget\" data-widget_type=\"buildnox_feature_list_widget.default\">\n\t\t\t\t<div class=\"elementor-widget-container\">\n\t\t\t    \n        \n    <ul class=\"te-bn-flist list-1 fs_20 fw_medium c_dark2 list-alignment\">\n    \t<li>\n\t\t\t\t\t\t\t\t\t\t<i class=\"flaticon-comment\"><\/i>                        \t\t\t\n\t\t\tCertificaciones y cumplimiento         <\/li>\n    <\/ul>\n\t            \n    \t\t<\/div>\n\t\t\t\t<\/div>\n\t\t\t\t<div class=\"elementor-element elementor-element-197ac46 elementor-widget elementor-widget-buildnox_feature_list_widget\" data-id=\"197ac46\" data-element_type=\"widget\" data-widget_type=\"buildnox_feature_list_widget.default\">\n\t\t\t\t<div class=\"elementor-widget-container\">\n\t\t\t    \n        \n    <ul class=\"te-bn-flist list-1 fs_20 fw_medium c_dark2 list-alignment\">\n    \t<li>\n\t\t\t\t\t\t\t\t\t\t<i class=\"flaticon-comment\"><\/i>                        \t\t\t\n\t\t\tS\u00f3lida trayectoria de proyectos        <\/li>\n    <\/ul>\n\t            \n    \t\t<\/div>\n\t\t\t\t<\/div>\n\t\t\t\t<div class=\"elementor-element elementor-element-808cc40 elementor-widget elementor-widget-buildnox_progressbar_widget\" data-id=\"808cc40\" data-element_type=\"widget\" data-widget_type=\"buildnox_progressbar_widget.default\">\n\t\t\t\t<div class=\"elementor-widget-container\">\n\t\t\t\t\n        \n    <div class=\"skill-1-progressbar-item\">\n        <p class=\"skill-1-progressbar-title fs_20 fw_sbold mb_5 c_dark\">Construcci\u00f3n<\/p>                <div class=\"progressbar-1-outer h_11 b_radius_5 p_relative\">\n            <div class=\"progressbar-1-inner progress-line p_absolute l_0 t_0 b_0 theme-bg b_radius_5\" data-width=\"96\">\n                <div class=\"progressbar-1-percentage fs_20 fw_sbold mb_10 c_dark\"><div class=\"count-box\"><span class=\"count-text\" data-speed=\"2000\" data-stop=\"96\">0<\/span>%<\/div><\/div>\n            <\/div>\n        <\/div>\n            <\/div>\n               \n    \t\t<\/div>\n\t\t\t\t<\/div>\n\t\t\t\t<div class=\"elementor-element elementor-element-a432692 elementor-widget elementor-widget-buildnox_progressbar_widget\" data-id=\"a432692\" data-element_type=\"widget\" data-widget_type=\"buildnox_progressbar_widget.default\">\n\t\t\t\t<div class=\"elementor-widget-container\">\n\t\t\t\t\n        \n    <div class=\"skill-1-progressbar-item\">\n        <p class=\"skill-1-progressbar-title fs_20 fw_sbold mb_5 c_dark\">Renovaci\u00f3n<\/p>                <div class=\"progressbar-1-outer h_11 b_radius_5 p_relative\">\n            <div class=\"progressbar-1-inner progress-line p_absolute l_0 t_0 b_0 theme-bg b_radius_5\" data-width=\"82\">\n                <div class=\"progressbar-1-percentage fs_20 fw_sbold mb_10 c_dark\"><div class=\"count-box\"><span class=\"count-text\" data-speed=\"2000\" data-stop=\"82\">0<\/span>%<\/div><\/div>\n            <\/div>\n        <\/div>\n            <\/div>\n               \n    \t\t<\/div>\n\t\t\t\t<\/div>\n\t\t\t\t\t<\/div>\n\t\t<\/div>\n\t\t\t\t<div class=\"elementor-column elementor-col-50 elementor-inner-column elementor-element elementor-element-732f2aa\" data-id=\"732f2aa\" data-element_type=\"column\">\n\t\t\t<div class=\"elementor-widget-wrap elementor-element-populated\">\n\t\t\t\t\t\t<div class=\"elementor-element elementor-element-673ad78 elementor-widget__width-initial elementor-widget elementor-widget-buildnox_image_widget\" data-id=\"673ad78\" data-element_type=\"widget\" data-widget_type=\"buildnox_image_widget.default\">\n\t\t\t\t<div class=\"elementor-widget-container\">\n\t\t\t    \n        \n       \n    <div class=\"feature-image-1 image-aligns\">\n        <img decoding=\"async\" src=\"https:\/\/yallasolutions.pt\/wp-content\/uploads\/2023\/04\/image-25.jpg\" alt=\"Awesome Image\">\n    <\/div>\n    \t\n\t           \n    \t\t<\/div>\n\t\t\t\t<\/div>\n\t\t\t\t\t<\/div>\n\t\t<\/div>\n\t\t\t\t\t<\/div>\n\t\t<\/section>\n\t\t\t\t\t<\/div>\n\t\t<\/div>\n\t\t\t\t\t<\/div>\n\t\t<\/section>\n\t\t\t\t<section class=\"elementor-section elementor-top-section elementor-element elementor-element-ee4f255 elementor-section-full_width elementor-section-height-default elementor-section-height-default\" data-id=\"ee4f255\" data-element_type=\"section\" data-settings=\"{&quot;background_background&quot;:&quot;classic&quot;}\">\n\t\t\t\t\t\t<div class=\"elementor-container elementor-column-gap-default\">\n\t\t\t\t\t<div class=\"elementor-column elementor-col-100 elementor-top-column elementor-element elementor-element-3e8247a\" data-id=\"3e8247a\" data-element_type=\"column\">\n\t\t\t<div class=\"elementor-widget-wrap elementor-element-populated\">\n\t\t\t\t\t\t<section class=\"elementor-section elementor-inner-section elementor-element elementor-element-08e207b elementor-section-boxed elementor-section-height-default elementor-section-height-default\" data-id=\"08e207b\" data-element_type=\"section\">\n\t\t\t\t\t\t<div class=\"elementor-container elementor-column-gap-default\">\n\t\t\t\t\t<div class=\"elementor-column elementor-col-50 elementor-inner-column elementor-element elementor-element-64af98a\" data-id=\"64af98a\" data-element_type=\"column\">\n\t\t\t<div class=\"elementor-widget-wrap elementor-element-populated\">\n\t\t\t\t\t\t<div class=\"elementor-element elementor-element-61fbde1 elementor-widget elementor-widget-buildnox_hero_title\" data-id=\"61fbde1\" data-element_type=\"widget\" data-widget_type=\"buildnox_hero_title.default\">\n\t\t\t\t<div class=\"elementor-widget-container\">\n\t\t\t    \r\n        \r\n    <div class=\"build-title-wrap\">\r\n        \t\t\t\r\n\t\t        <div class=\"main____title\">\r\n\t\t\t<h2 class=\"fw_black fs_45 mb_20 te-bn-title buildnox-size-default\">Mira de qu\u00e9 habla la gente <br>Soluciones Yalla<\/h2>        <\/div>\r\n                \r\n\t\t    <\/div>   \r\n    \r\n    \t\t<\/div>\n\t\t\t\t<\/div>\n\t\t\t\t\t<\/div>\n\t\t<\/div>\n\t\t\t\t<div class=\"elementor-column elementor-col-50 elementor-inner-column elementor-element elementor-element-2c1e485\" data-id=\"2c1e485\" data-element_type=\"column\">\n\t\t\t<div class=\"elementor-widget-wrap elementor-element-populated\">\n\t\t\t\t\t\t<div class=\"elementor-element elementor-element-238c2ed elementor-widget elementor-widget-buildnox_testimonial_carousel\" data-id=\"238c2ed\" data-element_type=\"widget\" data-settings=\"{&quot;buildnox_layout_margin&quot;:{&quot;unit&quot;:&quot;px&quot;,&quot;top&quot;:&quot;&quot;,&quot;right&quot;:&quot;&quot;,&quot;bottom&quot;:&quot;&quot;,&quot;left&quot;:&quot;&quot;,&quot;isLinked&quot;:true},&quot;buildnox_layout_margin_tablet&quot;:{&quot;unit&quot;:&quot;px&quot;,&quot;top&quot;:&quot;&quot;,&quot;right&quot;:&quot;&quot;,&quot;bottom&quot;:&quot;&quot;,&quot;left&quot;:&quot;&quot;,&quot;isLinked&quot;:true},&quot;buildnox_layout_margin_mobile&quot;:{&quot;unit&quot;:&quot;px&quot;,&quot;top&quot;:&quot;&quot;,&quot;right&quot;:&quot;&quot;,&quot;bottom&quot;:&quot;&quot;,&quot;left&quot;:&quot;&quot;,&quot;isLinked&quot;:true},&quot;buildnox_layout_padding&quot;:{&quot;unit&quot;:&quot;px&quot;,&quot;top&quot;:&quot;&quot;,&quot;right&quot;:&quot;&quot;,&quot;bottom&quot;:&quot;&quot;,&quot;left&quot;:&quot;&quot;,&quot;isLinked&quot;:true},&quot;buildnox_layout_padding_tablet&quot;:{&quot;unit&quot;:&quot;px&quot;,&quot;top&quot;:&quot;&quot;,&quot;right&quot;:&quot;&quot;,&quot;bottom&quot;:&quot;&quot;,&quot;left&quot;:&quot;&quot;,&quot;isLinked&quot;:true},&quot;buildnox_layout_padding_mobile&quot;:{&quot;unit&quot;:&quot;px&quot;,&quot;top&quot;:&quot;&quot;,&quot;right&quot;:&quot;&quot;,&quot;bottom&quot;:&quot;&quot;,&quot;left&quot;:&quot;&quot;,&quot;isLinked&quot;:true}}\" data-widget_type=\"buildnox_testimonial_carousel.default\">\n\t\t\t\t<div class=\"elementor-widget-container\">\n\t\t\t        \n        \n\t\t        \n        <section class=\"p-0 m-0 buildnox-testimonials\">\n            <div class=\"swiper-container two-item-carousel\" id=\"yt-slider\" data-slider=\"{&quot;loop&quot;:true,&quot;spacebetween&quot;:30,&quot;slidesperview&quot;:2}\">\n                <div class=\"swiper-wrapper\">\n                                        <!-- Slide Item -->\n                    <div class=\"swiper-slide\">\n                        <div class=\"testimonials-1-block\">\n                            <div class=\"testimonials-1-top-content\">\n                                <div class=\"testimonials-1-quote quote-style\"><i class=\"flaticon-quotation\"><\/i><\/div>\n                                <div class=\"testimonials-1-desc te-text\">Desde o in\u00edcio, a comunica\u00e7\u00e3o da Yalla foi clara e transparente, o que nos trouxe muita confian\u00e7a. Al\u00e9m disso, cumpriram rigorosamente todos os prazos estabelecidos. Estamos extremamente satisfeitos com a qualidade e o profissionalismo demonstrados. <\/div>\n                            <\/div>\n                            <div class=\"testimonials-1-author\">\n                                <div class=\"testimonials-1-author-image\"><\/div>\n                                <div class=\"testimonials-1-author-title te-title\">Ailton Palmeira<\/div>\n                                <div class=\"testimonials-1-designation te-designation\"><\/div>\n                            <\/div>\n                        <\/div>\n                    <\/div>\n                    \n\t\t\t\t\t                    <!-- Slide Item -->\n                    <div class=\"swiper-slide\">\n                        <div class=\"testimonials-1-block\">\n                            <div class=\"testimonials-1-top-content\">\n                                <div class=\"testimonials-1-quote quote-style\"><i class=\"flaticon-quotation\"><\/i><\/div>\n                                <div class=\"testimonials-1-desc te-text\">Mesmo sem podermos acompanhar de perto, os profissionais da Yalla sempre foram compreensivos e forneceram relat\u00f3rios detalhados com feedbacks claros sobre o andamento da obra. O resultado superou nossas expectativas e nos sentimos seguros durante todo o processo. <\/div>\n                            <\/div>\n                            <div class=\"testimonials-1-author\">\n                                <div class=\"testimonials-1-author-image\"><\/div>\n                                <div class=\"testimonials-1-author-title te-title\">Gabriel Fersoza<\/div>\n                                <div class=\"testimonials-1-designation te-designation\"><\/div>\n                            <\/div>\n                        <\/div>\n                    <\/div>\n                    \n\t\t\t\t\t                    <!-- Slide Item -->\n                    <div class=\"swiper-slide\">\n                        <div class=\"testimonials-1-block\">\n                            <div class=\"testimonials-1-top-content\">\n                                <div class=\"testimonials-1-quote quote-style\"><i class=\"flaticon-quotation\"><\/i><\/div>\n                                <div class=\"testimonials-1-desc te-text\">Contratei a Yalla para construir minha casa e fiquei extremamente satisfeito. O trabalho foi realizado com profissionalismo, dentro do prazo e com excelente qualidade. A equipe foi sempre atenciosa e transparente, cuidando de cada detalhe. Recomendo fortemente pelos \u00f3timos resultados e dedica\u00e7\u00e3o. <\/div>\n                            <\/div>\n                            <div class=\"testimonials-1-author\">\n                                <div class=\"testimonials-1-author-image\"><\/div>\n                                <div class=\"testimonials-1-author-title te-title\">Bernie Ecclestone<\/div>\n                                <div class=\"testimonials-1-designation te-designation\"><\/div>\n                            <\/div>\n                        <\/div>\n                    <\/div>\n                    \n\t\t\t\t\t                <\/div> \n            <\/div>  \n            \n                            <div class=\"slider-nav-style-2 testimonial-1-nav ps-lg-5\">\n                    <div class=\"slider-control slider-button-prev2 hvr-zoom-1 hvr-zoom-1-primary rotate_180\"><span><i class=\"flaticon-right-1\"><\/i><\/span><\/div>\n                    <div class=\"slider-control slider-button-next2 hvr-zoom-1 hvr-zoom-1-primary\"><span><i class=\"flaticon-right-1\"><\/i><\/span> <\/div>\n                <\/div>\n                        \n                        \n        <\/section>   \n          \n\t\t        \t\t<\/div>\n\t\t\t\t<\/div>\n\t\t\t\t\t<\/div>\n\t\t<\/div>\n\t\t\t\t\t<\/div>\n\t\t<\/section>\n\t\t\t\t\t<\/div>\n\t\t<\/div>\n\t\t\t\t\t<\/div>\n\t\t<\/section>\n\t\t\t\t<\/div>","protected":false},"excerpt":{"rendered":"<p>28Anosde Experi\u00eancia Oferecemos a qualidade garantida na sua constru\u00e7\u00e3o A Yalla Solutions \u00e9 uma empresa de constru\u00e7\u00e3o civil que atua de forma consistente em quatro pa\u00edses: Brasil, Portugal, Espanha e Dubai. A cada projeto executado, entregamos com os mais altos padr\u00f5es de excel\u00eancia, garantindo durabilidade e efici\u00eancia em todas as etapas da obra. Utilizamos solu\u00e7\u00f5es [&hellip;]<\/p>","protected":false},"author":1,"featured_media":0,"parent":0,"menu_order":0,"comment_status":"closed","ping_status":"closed","template":"tpl-default-elementor.php","meta":{"footnotes":""},"class_list":["post-119","page","type-page","status-publish","hentry"],"_links":{"self":[{"href":"https:\/\/yallasolutions.pt\/es\/wp-json\/wp\/v2\/pages\/119","targetHints":{"allow":["GET"]}}],"collection":[{"href":"https:\/\/yallasolutions.pt\/es\/wp-json\/wp\/v2\/pages"}],"about":[{"href":"https:\/\/yallasolutions.pt\/es\/wp-json\/wp\/v2\/types\/page"}],"author":[{"embeddable":true,"href":"https:\/\/yallasolutions.pt\/es\/wp-json\/wp\/v2\/users\/1"}],"replies":[{"embeddable":true,"href":"https:\/\/yallasolutions.pt\/es\/wp-json\/wp\/v2\/comments?post=119"}],"version-history":[{"count":125,"href":"https:\/\/yallasolutions.pt\/es\/wp-json\/wp\/v2\/pages\/119\/revisions"}],"predecessor-version":[{"id":18126,"href":"https:\/\/yallasolutions.pt\/es\/wp-json\/wp\/v2\/pages\/119\/revisions\/18126"}],"wp:attachment":[{"href":"https:\/\/yallasolutions.pt\/es\/wp-json\/wp\/v2\/media?parent=119"}],"curies":[{"name":"wp","href":"https:\/\/api.w.org\/{rel}","templated":true}]}}