{"id":121,"date":"2023-03-29T07:24:16","date_gmt":"2023-03-29T07:24:16","guid":{"rendered":"https:\/\/wp1.themevibrant.com\/newwp\/buildnox2\/?page_id=121"},"modified":"2025-06-09T12:49:45","modified_gmt":"2025-06-09T15:49:45","slug":"servicos-2","status":"publish","type":"page","link":"https:\/\/yallasolutions.pt\/en\/servicos-2\/","title":{"rendered":"Services"},"content":{"rendered":"<div data-elementor-type=\"wp-page\" data-elementor-id=\"121\" class=\"elementor elementor-121\" data-elementor-post-type=\"page\">\n\t\t\t\t\t\t<section class=\"elementor-section elementor-top-section elementor-element elementor-element-8e5f9f6 elementor-section-full_width elementor-section-height-default elementor-section-height-default\" data-id=\"8e5f9f6\" data-element_type=\"section\" data-settings=\"{&quot;background_background&quot;:&quot;classic&quot;}\">\n\t\t\t\t\t\t<div class=\"elementor-container elementor-column-gap-default\">\n\t\t\t\t\t<div class=\"elementor-column elementor-col-100 elementor-top-column elementor-element elementor-element-d82bf9d\" data-id=\"d82bf9d\" data-element_type=\"column\">\n\t\t\t<div class=\"elementor-widget-wrap elementor-element-populated\">\n\t\t\t\t\t\t<section class=\"elementor-section elementor-inner-section elementor-element elementor-element-00f282a elementor-section-boxed elementor-section-height-default elementor-section-height-default\" data-id=\"00f282a\" data-element_type=\"section\">\n\t\t\t\t\t\t<div class=\"elementor-container elementor-column-gap-default\">\n\t\t\t\t\t<div class=\"elementor-column elementor-col-100 elementor-inner-column elementor-element elementor-element-a08742f\" data-id=\"a08742f\" data-element_type=\"column\">\n\t\t\t<div class=\"elementor-widget-wrap elementor-element-populated\">\n\t\t\t\t\t\t<div class=\"elementor-element elementor-element-3c3eb13 elementor-widget elementor-widget-buildnox_hero_title\" data-id=\"3c3eb13\" data-element_type=\"widget\" data-widget_type=\"buildnox_hero_title.default\">\n\t\t\t\t<div class=\"elementor-widget-container\">\n\t\t\t    \r\n        \r\n    <div class=\"build-title-wrap\">\r\n        \t\t\t\r\n\t\t        <div class=\"main____title\">\r\n\t\t\t<h2 class=\"fw_black fs_45 mb_20 te-bn-title buildnox-size-default\">Discover our specialties\n<\/h2>        <\/div>\r\n                \r\n\t\t            \r\n\t\t<p class=\"mb_50 fs_18 te-bn-text\"><\/p>\r\n            <\/div>   \r\n    \r\n    \t\t<\/div>\n\t\t\t\t<\/div>\n\t\t\t\t\t<\/div>\n\t\t<\/div>\n\t\t\t\t\t<\/div>\n\t\t<\/section>\n\t\t\t\t<section class=\"elementor-section elementor-inner-section elementor-element elementor-element-7071b9d elementor-section-boxed elementor-section-height-default elementor-section-height-default\" data-id=\"7071b9d\" data-element_type=\"section\" data-settings=\"{&quot;background_background&quot;:&quot;classic&quot;}\">\n\t\t\t\t\t\t<div class=\"elementor-container elementor-column-gap-default\">\n\t\t\t\t\t<div class=\"elementor-column elementor-col-100 elementor-inner-column elementor-element elementor-element-77eb0a7\" data-id=\"77eb0a7\" data-element_type=\"column\">\n\t\t\t<div class=\"elementor-widget-wrap elementor-element-populated\">\n\t\t\t\t\t\t<div class=\"elementor-element elementor-element-2753ae4 elementor-widget elementor-widget-buildnox_service_grid\" data-id=\"2753ae4\" data-element_type=\"widget\" data-settings=\"{&quot;btn_padding&quot;:{&quot;unit&quot;:&quot;px&quot;,&quot;top&quot;:&quot;&quot;,&quot;right&quot;:&quot;&quot;,&quot;bottom&quot;:&quot;&quot;,&quot;left&quot;:&quot;&quot;,&quot;isLinked&quot;:true},&quot;btn_padding_tablet&quot;:{&quot;unit&quot;:&quot;px&quot;,&quot;top&quot;:&quot;&quot;,&quot;right&quot;:&quot;&quot;,&quot;bottom&quot;:&quot;&quot;,&quot;left&quot;:&quot;&quot;,&quot;isLinked&quot;:true},&quot;btn_padding_mobile&quot;:{&quot;unit&quot;:&quot;px&quot;,&quot;top&quot;:&quot;&quot;,&quot;right&quot;:&quot;&quot;,&quot;bottom&quot;:&quot;&quot;,&quot;left&quot;:&quot;&quot;,&quot;isLinked&quot;:true},&quot;btn_margin&quot;:{&quot;unit&quot;:&quot;px&quot;,&quot;top&quot;:&quot;&quot;,&quot;right&quot;:&quot;&quot;,&quot;bottom&quot;:&quot;&quot;,&quot;left&quot;:&quot;&quot;,&quot;isLinked&quot;:true},&quot;btn_margin_tablet&quot;:{&quot;unit&quot;:&quot;px&quot;,&quot;top&quot;:&quot;&quot;,&quot;right&quot;:&quot;&quot;,&quot;bottom&quot;:&quot;&quot;,&quot;left&quot;:&quot;&quot;,&quot;isLinked&quot;:true},&quot;btn_margin_mobile&quot;:{&quot;unit&quot;:&quot;px&quot;,&quot;top&quot;:&quot;&quot;,&quot;right&quot;:&quot;&quot;,&quot;bottom&quot;:&quot;&quot;,&quot;left&quot;:&quot;&quot;,&quot;isLinked&quot;:true}}\" data-widget_type=\"buildnox_service_grid.default\">\n\t\t\t\t<div class=\"elementor-widget-container\">\n\t\t\t    \n        \n    <section class=\"bn-service-grid p-0 m-0\">\n        <div class=\"row\">\n                        <div class=\"col-lg-3 col-md-6 col-sm-12 wow fadeInUp\" data-wow-delay=\".2s\" data-wow-duration=\"1.5s\">\n                <div class=\"service-1-block alt\">\n                    <div class=\"service-1-shape\"><\/div>\n                    <div class=\"service-1-icon\"><i class=\"flaticon-construction\"><\/i><\/div>\n                    <h4 class=\"service-1-title fs_25 te-title\"><br>Civil construction<\/h4>\n                    <div class=\"service-1-image\">\n                        <img decoding=\"async\" width=\"248\" height=\"138\" src=\"https:\/\/yallasolutions.pt\/wp-content\/uploads\/2023\/03\/yalla-servico-construcao-civil-248x138.jpg\" class=\"attachment-buildnox_240x138 size-buildnox_240x138 wp-post-image\" alt=\"\" \/>                        <div class=\"service-1-read-more\"><a href=\"https:\/\/yallasolutions.pt\/en\/service\/construcao-civil\/\" class=\"c_light ff_sec fw_bold tt_u fs_14 ls_1 yt-btn-title-v1\">\n                                                            Find out more                             \n                        \t<i class=\"ml_7 fs_17 v_middle flaticon-fast-forward\"><\/i><\/a>\n                        <\/div>\n                    <\/div>\n                <\/div>\n            <\/div>\n                        <div class=\"col-lg-3 col-md-6 col-sm-12 wow fadeInUp\" data-wow-delay=\".2s\" data-wow-duration=\"1.5s\">\n                <div class=\"service-1-block alt\">\n                    <div class=\"service-1-shape\"><\/div>\n                    <div class=\"service-1-icon\"><i class=\"flaticon-sketch\"><\/i><\/div>\n                    <h4 class=\"service-1-title fs_25 te-title\"><br>Architecture<\/h4>\n                    <div class=\"service-1-image\">\n                        <img decoding=\"async\" width=\"248\" height=\"138\" src=\"https:\/\/yallasolutions.pt\/wp-content\/uploads\/2023\/03\/yalla-servico-projeto-arquitetura-248x138.jpg\" class=\"attachment-buildnox_240x138 size-buildnox_240x138 wp-post-image\" alt=\"\" \/>                        <div class=\"service-1-read-more\"><a href=\"https:\/\/yallasolutions.pt\/en\/service\/projeto-de-arquitetura\/\" class=\"c_light ff_sec fw_bold tt_u fs_14 ls_1 yt-btn-title-v1\">\n                                                            Find out more                             \n                        \t<i class=\"ml_7 fs_17 v_middle flaticon-fast-forward\"><\/i><\/a>\n                        <\/div>\n                    <\/div>\n                <\/div>\n            <\/div>\n                        <div class=\"col-lg-3 col-md-6 col-sm-12 wow fadeInUp\" data-wow-delay=\".2s\" data-wow-duration=\"1.5s\">\n                <div class=\"service-1-block alt\">\n                    <div class=\"service-1-shape\"><\/div>\n                    <div class=\"service-1-icon\"><i class=\"flaticon-renovation\"><\/i><\/div>\n                    <h4 class=\"service-1-title fs_25 te-title\"><br>Renovation<\/h4>\n                    <div class=\"service-1-image\">\n                        <img decoding=\"async\" width=\"248\" height=\"138\" src=\"https:\/\/yallasolutions.pt\/wp-content\/uploads\/2023\/03\/yalla-servico-renovacao-edificios-248x138.jpg\" class=\"attachment-buildnox_240x138 size-buildnox_240x138 wp-post-image\" alt=\"\" \/>                        <div class=\"service-1-read-more\"><a href=\"https:\/\/yallasolutions.pt\/en\/service\/renovacao-de-edificios\/\" class=\"c_light ff_sec fw_bold tt_u fs_14 ls_1 yt-btn-title-v1\">\n                                                            Find out more                             \n                        \t<i class=\"ml_7 fs_17 v_middle flaticon-fast-forward\"><\/i><\/a>\n                        <\/div>\n                    <\/div>\n                <\/div>\n            <\/div>\n                        <div class=\"col-lg-3 col-md-6 col-sm-12 wow fadeInUp\" data-wow-delay=\".2s\" data-wow-duration=\"1.5s\">\n                <div class=\"service-1-block alt\">\n                    <div class=\"service-1-shape\"><\/div>\n                    <div class=\"service-1-icon\"><i class=\"flaticon-roof\"><\/i><\/div>\n                    <h4 class=\"service-1-title fs_25 te-title\"><br>Floors and Roofs<\/h4>\n                    <div class=\"service-1-image\">\n                        <img loading=\"lazy\" decoding=\"async\" width=\"248\" height=\"138\" src=\"https:\/\/yallasolutions.pt\/wp-content\/uploads\/2023\/03\/yalla-servico-pisos-coberturas-248x138.jpg\" class=\"attachment-buildnox_240x138 size-buildnox_240x138 wp-post-image\" alt=\"\" \/>                        <div class=\"service-1-read-more\"><a href=\"https:\/\/yallasolutions.pt\/en\/service\/pisos-e-coberturas\/\" class=\"c_light ff_sec fw_bold tt_u fs_14 ls_1 yt-btn-title-v1\">\n                                                            Find out more                             \n                        \t<i class=\"ml_7 fs_17 v_middle flaticon-fast-forward\"><\/i><\/a>\n                        <\/div>\n                    <\/div>\n                <\/div>\n            <\/div>\n                        <div class=\"col-lg-3 col-md-6 col-sm-12 wow fadeInUp\" data-wow-delay=\".2s\" data-wow-duration=\"1.5s\">\n                <div class=\"service-1-block alt\">\n                    <div class=\"service-1-shape\"><\/div>\n                    <div class=\"service-1-icon\"><i class=\"flaticon-interior-design\"><\/i><\/div>\n                    <h4 class=\"service-1-title fs_25 te-title\"><br>Interior Design<\/h4>\n                    <div class=\"service-1-image\">\n                        <img loading=\"lazy\" decoding=\"async\" width=\"248\" height=\"138\" src=\"https:\/\/yallasolutions.pt\/wp-content\/uploads\/2023\/04\/yalla-servico-design-interiores-248x138.jpg\" class=\"attachment-buildnox_240x138 size-buildnox_240x138 wp-post-image\" alt=\"\" \/>                        <div class=\"service-1-read-more\"><a href=\"https:\/\/yallasolutions.pt\/en\/service\/design-de-interiores\/\" class=\"c_light ff_sec fw_bold tt_u fs_14 ls_1 yt-btn-title-v1\">\n                                                            Find out more                             \n                        \t<i class=\"ml_7 fs_17 v_middle flaticon-fast-forward\"><\/i><\/a>\n                        <\/div>\n                    <\/div>\n                <\/div>\n            <\/div>\n                        <div class=\"col-lg-3 col-md-6 col-sm-12 wow fadeInUp\" data-wow-delay=\".2s\" data-wow-duration=\"1.5s\">\n                <div class=\"service-1-block alt\">\n                    <div class=\"service-1-shape\"><\/div>\n                    <div class=\"service-1-icon\"><i class=\"flaticon-trowel\"><\/i><\/div>\n                    <h4 class=\"service-1-title fs_25 te-title translation-block\">Repair and Expansion<\/h4>\n                    <div class=\"service-1-image\">\n                        <img loading=\"lazy\" decoding=\"async\" width=\"248\" height=\"138\" src=\"https:\/\/yallasolutions.pt\/wp-content\/uploads\/2023\/04\/yalla-servico-reparar-expandir-248x138.jpg\" class=\"attachment-buildnox_240x138 size-buildnox_240x138 wp-post-image\" alt=\"\" \/>                        <div class=\"service-1-read-more\"><a href=\"https:\/\/yallasolutions.pt\/en\/service\/reparar-e-expandir\/\" class=\"c_light ff_sec fw_bold tt_u fs_14 ls_1 yt-btn-title-v1\">\n                                                            Find out more                             \n                        \t<i class=\"ml_7 fs_17 v_middle flaticon-fast-forward\"><\/i><\/a>\n                        <\/div>\n                    <\/div>\n                <\/div>\n            <\/div>\n                        <div class=\"col-lg-3 col-md-6 col-sm-12 wow fadeInUp\" data-wow-delay=\".2s\" data-wow-duration=\"1.5s\">\n                <div class=\"service-1-block alt\">\n                    <div class=\"service-1-shape\"><\/div>\n                    <div class=\"service-1-icon\"><i class=\"flaticon-engineer\"><\/i><\/div>\n                    <h4 class=\"service-1-title fs_25 te-title translation-block\">Consulting and Supervision<\/h4>\n                    <div class=\"service-1-image\">\n                        <img loading=\"lazy\" decoding=\"async\" width=\"248\" height=\"138\" src=\"https:\/\/yallasolutions.pt\/wp-content\/uploads\/2023\/04\/yalla-servico-consultoria-em-construcao-248x138.jpg\" class=\"attachment-buildnox_240x138 size-buildnox_240x138 wp-post-image\" alt=\"\" \/>                        <div class=\"service-1-read-more\"><a href=\"https:\/\/yallasolutions.pt\/en\/service\/consultoria-em-construcao\/\" class=\"c_light ff_sec fw_bold tt_u fs_14 ls_1 yt-btn-title-v1\">\n                                                            Find out more                             \n                        \t<i class=\"ml_7 fs_17 v_middle flaticon-fast-forward\"><\/i><\/a>\n                        <\/div>\n                    <\/div>\n                <\/div>\n            <\/div>\n                        <div class=\"col-lg-3 col-md-6 col-sm-12 wow fadeInUp\" data-wow-delay=\".2s\" data-wow-duration=\"1.5s\">\n                <div class=\"service-1-block alt\">\n                    <div class=\"service-1-shape\"><\/div>\n                    <div class=\"service-1-icon\"><i class=\"flaticon-maintenance\"><\/i><\/div>\n                    <h4 class=\"service-1-title fs_25 te-title translation-block\">Building Maintenance<\/h4>\n                    <div class=\"service-1-image\">\n                        <img loading=\"lazy\" decoding=\"async\" width=\"248\" height=\"138\" src=\"https:\/\/yallasolutions.pt\/wp-content\/uploads\/2023\/04\/yalla-servico-manutencao-edificio-248x138.jpg\" class=\"attachment-buildnox_240x138 size-buildnox_240x138 wp-post-image\" alt=\"\" \/>                        <div class=\"service-1-read-more\"><a href=\"https:\/\/yallasolutions.pt\/en\/service\/manutencao-de-edificios\/\" class=\"c_light ff_sec fw_bold tt_u fs_14 ls_1 yt-btn-title-v1\">\n                                                            Find out more                             \n                        \t<i class=\"ml_7 fs_17 v_middle flaticon-fast-forward\"><\/i><\/a>\n                        <\/div>\n                    <\/div>\n                <\/div>\n            <\/div>\n                    <\/div>\n    <\/section>    \n    \n        \n    \t\t<\/div>\n\t\t\t\t<\/div>\n\t\t\t\t\t<\/div>\n\t\t<\/div>\n\t\t\t\t\t<\/div>\n\t\t<\/section>\n\t\t\t\t\t<\/div>\n\t\t<\/div>\n\t\t\t\t\t<\/div>\n\t\t<\/section>\n\t\t\t\t<section class=\"elementor-section elementor-top-section elementor-element elementor-element-7c3d908 elementor-section-full_width elementor-section-height-default elementor-section-height-default\" data-id=\"7c3d908\" data-element_type=\"section\" data-settings=\"{&quot;background_background&quot;:&quot;classic&quot;}\">\n\t\t\t\t\t\t<div class=\"elementor-container elementor-column-gap-default\">\n\t\t\t\t\t<div class=\"elementor-column elementor-col-100 elementor-top-column elementor-element elementor-element-54a12df\" data-id=\"54a12df\" data-element_type=\"column\">\n\t\t\t<div class=\"elementor-widget-wrap elementor-element-populated\">\n\t\t\t\t\t\t<section class=\"elementor-section elementor-inner-section elementor-element elementor-element-567146f elementor-section-boxed elementor-section-height-default elementor-section-height-default\" data-id=\"567146f\" data-element_type=\"section\" data-settings=\"{&quot;background_background&quot;:&quot;classic&quot;}\">\n\t\t\t\t\t\t<div class=\"elementor-container elementor-column-gap-default\">\n\t\t\t\t\t<div class=\"elementor-column elementor-col-50 elementor-inner-column elementor-element elementor-element-bdf1e9a elementor-invisible\" data-id=\"bdf1e9a\" data-element_type=\"column\" data-settings=\"{&quot;background_background&quot;:&quot;classic&quot;,&quot;animation&quot;:&quot;fadeInUp&quot;,&quot;animation_delay&quot;:20}\">\n\t\t\t<div class=\"elementor-widget-wrap elementor-element-populated\">\n\t\t\t\t\t<div class=\"elementor-background-overlay\"><\/div>\n\t\t\t\t\t\t<div class=\"elementor-element elementor-element-6db44ec elementor-absolute elementor-widget elementor-widget-buildnox_video_icon\" data-id=\"6db44ec\" data-element_type=\"widget\" data-settings=\"{&quot;_position&quot;:&quot;absolute&quot;}\" data-widget_type=\"buildnox_video_icon.default\">\n\t\t\t\t<div class=\"elementor-widget-container\">\n\t\t\t    \n        <div class=\"p_absolute r_0 t__35 p_33 bg_primary\"><a href=\"#\" class=\"video-btn-1 ripple\" data-fancybox=\"video-1\" data-caption=\"\"><i class=\"flaticon-play-button\"><\/i><\/a><\/div>\n   \t    \t            \n    \t\t<\/div>\n\t\t\t\t<\/div>\n\t\t\t\t<div class=\"elementor-element elementor-element-50d3190 elementor-widget elementor-widget-buildnox_hero_title\" data-id=\"50d3190\" data-element_type=\"widget\" data-widget_type=\"buildnox_hero_title.default\">\n\t\t\t\t<div class=\"elementor-widget-container\">\n\t\t\t    \r\n        \r\n    <div class=\"build-title-wrap\">\r\n        \t\t\t\r\n\t\t        <div class=\"main____title\">\r\n\t\t\t<h2 class=\"fw_black fs_45 mb_20 te-bn-title buildnox-size-default translation-block\">More than just building, <br>we transform dreams into reality.<\/h2>        <\/div>\r\n                \r\n\t\t            \r\n\t\t<p class=\"mb_50 fs_18 te-bn-text\">With dedication, innovation and commitment to quality, we elevate each project beyond construction. We transform ideas into solid works, valuing the future and providing safety and comfort for our clients.<\/p>\r\n            <\/div>   \r\n    \r\n    \t\t<\/div>\n\t\t\t\t<\/div>\n\t\t\t\t<div class=\"elementor-element elementor-element-618810b elementor-widget elementor-widget-buildnox_button_widget\" data-id=\"618810b\" data-element_type=\"widget\" data-settings=\"{&quot;btn_padding&quot;:{&quot;unit&quot;:&quot;px&quot;,&quot;top&quot;:&quot;&quot;,&quot;right&quot;:&quot;&quot;,&quot;bottom&quot;:&quot;&quot;,&quot;left&quot;:&quot;&quot;,&quot;isLinked&quot;:true},&quot;btn_padding_tablet&quot;:{&quot;unit&quot;:&quot;px&quot;,&quot;top&quot;:&quot;&quot;,&quot;right&quot;:&quot;&quot;,&quot;bottom&quot;:&quot;&quot;,&quot;left&quot;:&quot;&quot;,&quot;isLinked&quot;:true},&quot;btn_padding_mobile&quot;:{&quot;unit&quot;:&quot;px&quot;,&quot;top&quot;:&quot;&quot;,&quot;right&quot;:&quot;&quot;,&quot;bottom&quot;:&quot;&quot;,&quot;left&quot;:&quot;&quot;,&quot;isLinked&quot;:true}}\" data-widget_type=\"buildnox_button_widget.default\">\n\t\t\t\t<div class=\"elementor-widget-container\">\n\t\t\t       \n\t           <div class=\"build-button\">\n            <a href=\"https:\/\/yallasolutions.pt\/en\/contato\/\"  target=\"&quot;_blank&quot;\"  rel=\"&quot;nofollow&quot;\"\" class=\"build-btn c_light ff_sec fw_bold tt_u fs_14 ls_1 p_relative\">GET IN TOUCH \n                                    <i class=\"ml_10 fs_20 v_middle flaticon-right-1\"><\/i>\n                            \n            <\/a>\n        <\/div>\n            \n    \t\t<\/div>\n\t\t\t\t<\/div>\n\t\t\t\t\t<\/div>\n\t\t<\/div>\n\t\t\t\t<div class=\"elementor-column elementor-col-50 elementor-inner-column elementor-element elementor-element-823d6d0 elementor-invisible\" data-id=\"823d6d0\" data-element_type=\"column\" data-settings=\"{&quot;background_background&quot;:&quot;classic&quot;,&quot;animation&quot;:&quot;fadeInUp&quot;,&quot;animation_delay&quot;:20}\">\n\t\t\t<div class=\"elementor-widget-wrap\">\n\t\t\t\t\t\t\t<\/div>\n\t\t<\/div>\n\t\t\t\t\t<\/div>\n\t\t<\/section>\n\t\t\t\t\t<\/div>\n\t\t<\/div>\n\t\t\t\t\t<\/div>\n\t\t<\/section>\n\t\t\t\t<\/div>","protected":false},"excerpt":{"rendered":"<p>Conhe\u00e7a nossas especialidades Constru\u00e7\u00e3o Civil SAIBA MAIS Arquitetura SAIBA MAIS Remodela\u00e7\u00e3o SAIBA MAIS Pisos e Coberturas SAIBA MAIS Design de Interiores SAIBA MAIS Reparar e Expandir SAIBA MAIS Consultoria e Fiscaliza\u00e7\u00e3o SAIBA MAIS Manuten\u00e7\u00e3o de Edif\u00edcios SAIBA MAIS Mais do que construir, transformar sonhos em realidade. Com dedica\u00e7\u00e3o, inova\u00e7\u00e3o e compromisso com a qualidade, elevamos [&hellip;]<\/p>","protected":false},"author":1,"featured_media":0,"parent":0,"menu_order":0,"comment_status":"closed","ping_status":"closed","template":"tpl-default-elementor.php","meta":{"footnotes":""},"class_list":["post-121","page","type-page","status-publish","hentry"],"_links":{"self":[{"href":"https:\/\/yallasolutions.pt\/en\/wp-json\/wp\/v2\/pages\/121","targetHints":{"allow":["GET"]}}],"collection":[{"href":"https:\/\/yallasolutions.pt\/en\/wp-json\/wp\/v2\/pages"}],"about":[{"href":"https:\/\/yallasolutions.pt\/en\/wp-json\/wp\/v2\/types\/page"}],"author":[{"embeddable":true,"href":"https:\/\/yallasolutions.pt\/en\/wp-json\/wp\/v2\/users\/1"}],"replies":[{"embeddable":true,"href":"https:\/\/yallasolutions.pt\/en\/wp-json\/wp\/v2\/comments?post=121"}],"version-history":[{"count":30,"href":"https:\/\/yallasolutions.pt\/en\/wp-json\/wp\/v2\/pages\/121\/revisions"}],"predecessor-version":[{"id":18328,"href":"https:\/\/yallasolutions.pt\/en\/wp-json\/wp\/v2\/pages\/121\/revisions\/18328"}],"wp:attachment":[{"href":"https:\/\/yallasolutions.pt\/en\/wp-json\/wp\/v2\/media?parent=121"}],"curies":[{"name":"wp","href":"https:\/\/api.w.org\/{rel}","templated":true}]}}